{"id":1659,"date":"2018-09-06T19:59:17","date_gmt":"2018-09-06T16:59:17","guid":{"rendered":"http:\/\/www.ledtime.com.tr\/?page_id=1659"},"modified":"2018-09-06T19:59:17","modified_gmt":"2018-09-06T16:59:17","slug":"certificate","status":"publish","type":"page","link":"https:\/\/www.ledtime.com.tr\/en\/certificate\/","title":{"rendered":"Certificate"},"content":{"rendered":"<section class=\"wpb_row vc_row-fluid\"><div class=\"container\"><div class=\"row\"><div class=\"wpb_column vc_column_container vc_col-sm-12\"><div class=\"vc_column-inner\"><div class=\"wpb_wrapper\"  >\n\t<!-- Element: OT Image Gallery 1 -->\n\t<div class=\"row archi-image-gallery grid_gallery gallery de-gallery\">\t\n             \n\t        <!-- gallery item -->\n\t        <div class=\"col-md-4 item\">\n\t            <div class=\"picframe\">            \t\n\t                <a class=\"gallery-images-popup-69e4b510272d7\" title=\"CE Certificates of Our Suppliers-1 (Turkish)\" href=\"https:\/\/www.ledtime.com.tr\/wp-content\/uploads\/2018\/09\/CE1-Depopa_600x600.png\">\n\t                    <span class=\"overlay\">\n\t                        <span class=\"pf_text\">\n\t\t                         \n\t\t                        \t<span class=\"project-name\">CE Certificates of Our Suppliers-1 (Turkish)<\/span>\n\t\t                           \n\t                        <\/span>\n\t                    <\/span>\n\t                <\/a>\n\t                \t\t                \t<img decoding=\"async\" src=\"https:\/\/www.ledtime.com.tr\/wp-content\/uploads\/2018\/09\/CE1-Depopa_600x600.png\" alt=\"Tedarik\u00e7ilerimizin CE Belgeleri-1 (T\u00fcrk\u00e7e)\"> \n\t\t            \t            <\/div>\n\t        <\/div>\n\t        <!-- close gallery item -->  \n             \n\t        <!-- gallery item -->\n\t        <div class=\"col-md-4 item\">\n\t            <div class=\"picframe\">            \t\n\t                <a class=\"gallery-images-popup-69e4b510272d7\" title=\"CE Certificates of Our Suppliers-1 (English)\" href=\"https:\/\/www.ledtime.com.tr\/wp-content\/uploads\/2018\/09\/CE2-Depopa_600x600.png\">\n\t                    <span class=\"overlay\">\n\t                        <span class=\"pf_text\">\n\t\t                         \n\t\t                        \t<span class=\"project-name\">CE Certificates of Our Suppliers-1 (English)<\/span>\n\t\t                           \n\t                        <\/span>\n\t                    <\/span>\n\t                <\/a>\n\t                \t\t                \t<img decoding=\"async\" src=\"https:\/\/www.ledtime.com.tr\/wp-content\/uploads\/2018\/09\/CE2-Depopa_600x600.png\" alt=\"Tedarik\u00e7ilerimizin CE Belgeleri-1 (\u0130ngilizce)\"> \n\t\t            \t            <\/div>\n\t        <\/div>\n\t        <!-- close gallery item -->  \n             \n\t        <!-- gallery item -->\n\t        <div class=\"col-md-4 item\">\n\t            <div class=\"picframe\">            \t\n\t                <a class=\"gallery-images-popup-69e4b510272d7\" title=\"CE Certificates of Our Suppliers-2 (English)\" href=\"https:\/\/www.ledtime.com.tr\/wp-content\/uploads\/2018\/09\/CE3-Depopa_600x600.png\">\n\t                    <span class=\"overlay\">\n\t                        <span class=\"pf_text\">\n\t\t                         \n\t\t                        \t<span class=\"project-name\">CE Certificates of Our Suppliers-2 (English)<\/span>\n\t\t                           \n\t                        <\/span>\n\t                    <\/span>\n\t                <\/a>\n\t                \t\t                \t<img decoding=\"async\" src=\"https:\/\/www.ledtime.com.tr\/wp-content\/uploads\/2018\/09\/CE3-Depopa_600x600.png\" alt=\"Tedarik\u00e7ilerimizin CE Belgeleri-2 (\u0130ngilizce)\"> \n\t\t            \t            <\/div>\n\t        <\/div>\n\t        <!-- close gallery item -->  \n             \n\t        <!-- gallery item -->\n\t        <div class=\"col-md-4 item\">\n\t            <div class=\"picframe\">            \t\n\t                <a class=\"gallery-images-popup-69e4b510272d7\" title=\"CE Certificates of Our Suppliers-2 (Turkish)\" href=\"https:\/\/www.ledtime.com.tr\/wp-content\/uploads\/2018\/09\/CE4-Depopa_600x600.png\">\n\t                    <span class=\"overlay\">\n\t                        <span class=\"pf_text\">\n\t\t                         \n\t\t                        \t<span class=\"project-name\">CE Certificates of Our Suppliers-2 (Turkish)<\/span>\n\t\t                           \n\t                        <\/span>\n\t                    <\/span>\n\t                <\/a>\n\t                \t\t                \t<img decoding=\"async\" src=\"https:\/\/www.ledtime.com.tr\/wp-content\/uploads\/2018\/09\/CE4-Depopa_600x600.png\" alt=\"Tedarik\u00e7ilerimizin CE Belgeleri-2 (T\u00fcrk\u00e7e)\"> \n\t\t            \t            <\/div>\n\t        <\/div>\n\t        <!-- close gallery item -->  \n             \n\t        <!-- gallery item -->\n\t        <div class=\"col-md-4 item\">\n\t            <div class=\"picframe\">            \t\n\t                <a class=\"gallery-images-popup-69e4b510272d7\" title=\"CE Certificates of Our Suppliers-3 (Turkish)\" href=\"https:\/\/www.ledtime.com.tr\/wp-content\/uploads\/2018\/09\/CE9-Depopa_600x600.png\">\n\t                    <span class=\"overlay\">\n\t                        <span class=\"pf_text\">\n\t\t                         \n\t\t                        \t<span class=\"project-name\">CE Certificates of Our Suppliers-3 (Turkish)<\/span>\n\t\t                           \n\t                        <\/span>\n\t                    <\/span>\n\t                <\/a>\n\t                \t\t                \t<img decoding=\"async\" src=\"https:\/\/www.ledtime.com.tr\/wp-content\/uploads\/2018\/09\/CE9-Depopa_600x600.png\" alt=\"Tedarik\u00e7ilerimizin CE Belgeleri-3 (T\u00fcrk\u00e7e)\"> \n\t\t            \t            <\/div>\n\t        <\/div>\n\t        <!-- close gallery item -->  \n             \n\t        <!-- gallery item -->\n\t        <div class=\"col-md-4 item\">\n\t            <div class=\"picframe\">            \t\n\t                <a class=\"gallery-images-popup-69e4b510272d7\" title=\"CE Certificates of Our Suppliers-3 (English)\" href=\"https:\/\/www.ledtime.com.tr\/wp-content\/uploads\/2018\/09\/CE99-Depopa_600x600.png\">\n\t                    <span class=\"overlay\">\n\t                        <span class=\"pf_text\">\n\t\t                         \n\t\t                        \t<span class=\"project-name\">CE Certificates of Our Suppliers-3 (English)<\/span>\n\t\t                           \n\t                        <\/span>\n\t                    <\/span>\n\t                <\/a>\n\t                \t\t                \t<img decoding=\"async\" src=\"https:\/\/www.ledtime.com.tr\/wp-content\/uploads\/2018\/09\/CE99-Depopa_600x600.png\" alt=\"Tedarik\u00e7ilerimizin CE Belgeleri-3 (\u0130ngilizce)\"> \n\t\t            \t            <\/div>\n\t        <\/div>\n\t        <!-- close gallery item -->  \n             \n\t        <!-- gallery item -->\n\t        <div class=\"col-md-4 item\">\n\t            <div class=\"picframe\">            \t\n\t                <a class=\"gallery-images-popup-69e4b510272d7\" title=\"ISO Certificate\" href=\"https:\/\/www.ledtime.com.tr\/wp-content\/uploads\/2018\/09\/ISO-Depopa_600x600.png\">\n\t                    <span class=\"overlay\">\n\t                        <span class=\"pf_text\">\n\t\t                         \n\t\t                        \t<span class=\"project-name\">ISO Certificate<\/span>\n\t\t                           \n\t                        <\/span>\n\t                    <\/span>\n\t                <\/a>\n\t                \t\t                \t<img decoding=\"async\" src=\"https:\/\/www.ledtime.com.tr\/wp-content\/uploads\/2018\/09\/ISO-Depopa_600x600.png\" alt=\"ISO Belgemiz\"> \n\t\t            \t            <\/div>\n\t        <\/div>\n\t        <!-- close gallery item -->  \n             \n\t        <!-- gallery item -->\n\t        <div class=\"col-md-4 item\">\n\t            <div class=\"picframe\">            \t\n\t                <a class=\"gallery-images-popup-69e4b510272d7\" title=\"OHSAS Certificate\" href=\"https:\/\/www.ledtime.com.tr\/wp-content\/uploads\/2018\/09\/OHSAS-Depopa_600x600.png\">\n\t                    <span class=\"overlay\">\n\t                        <span class=\"pf_text\">\n\t\t                         \n\t\t                        \t<span class=\"project-name\">OHSAS Certificate<\/span>\n\t\t                           \n\t                        <\/span>\n\t                    <\/span>\n\t                <\/a>\n\t                \t\t                \t<img decoding=\"async\" src=\"https:\/\/www.ledtime.com.tr\/wp-content\/uploads\/2018\/09\/OHSAS-Depopa_600x600.png\" alt=\"OHSAS Belgemiz\"> \n\t\t            \t            <\/div>\n\t        <\/div>\n\t        <!-- close gallery item -->  \n             \n\t        <!-- gallery item -->\n\t        <div class=\"col-md-4 item\">\n\t            <div class=\"picframe\">            \t\n\t                <a class=\"gallery-images-popup-69e4b510272d7\" title=\"Rosh Documents of Our Suppliers-2 (Turkish)\" href=\"https:\/\/www.ledtime.com.tr\/wp-content\/uploads\/2018\/09\/roh8-depopa_600x600.png\">\n\t                    <span class=\"overlay\">\n\t                        <span class=\"pf_text\">\n\t\t                         \n\t\t                        \t<span class=\"project-name\">Rosh Documents of Our Suppliers-2 (Turkish)<\/span>\n\t\t                           \n\t                        <\/span>\n\t                    <\/span>\n\t                <\/a>\n\t                \t\t                \t<img decoding=\"async\" src=\"https:\/\/www.ledtime.com.tr\/wp-content\/uploads\/2018\/09\/roh8-depopa_600x600.png\" alt=\"Tedarik\u00e7ilerimizin Rosh Belgeleri-2 (T\u00fcrk\u00e7e)\"> \n\t\t            \t            <\/div>\n\t        <\/div>\n\t        <!-- close gallery item -->  \n             \n\t        <!-- gallery item -->\n\t        <div class=\"col-md-4 item\">\n\t            <div class=\"picframe\">            \t\n\t                <a class=\"gallery-images-popup-69e4b510272d7\" title=\"Rosh Documents of Our Suppliers-1 (English)\" href=\"https:\/\/www.ledtime.com.tr\/wp-content\/uploads\/2018\/09\/ROHS5-Depopa_600x600.png\">\n\t                    <span class=\"overlay\">\n\t                        <span class=\"pf_text\">\n\t\t                         \n\t\t                        \t<span class=\"project-name\">Rosh Documents of Our Suppliers-1 (English)<\/span>\n\t\t                           \n\t                        <\/span>\n\t                    <\/span>\n\t                <\/a>\n\t                \t\t                \t<img decoding=\"async\" src=\"https:\/\/www.ledtime.com.tr\/wp-content\/uploads\/2018\/09\/ROHS5-Depopa_600x600.png\" alt=\"Tedarik\u00e7ilerimizin Rosh Belgeleri-1 (\u0130ngilizce)\"> \n\t\t            \t            <\/div>\n\t        <\/div>\n\t        <!-- close gallery item -->  \n             \n\t        <!-- gallery item -->\n\t        <div class=\"col-md-4 item\">\n\t            <div class=\"picframe\">            \t\n\t                <a class=\"gallery-images-popup-69e4b510272d7\" title=\"Rosh Documents of Our Suppliers-1 (Turkish)\" href=\"https:\/\/www.ledtime.com.tr\/wp-content\/uploads\/2018\/09\/ROHS6-Depopa_600x600.png\">\n\t                    <span class=\"overlay\">\n\t                        <span class=\"pf_text\">\n\t\t                         \n\t\t                        \t<span class=\"project-name\">Rosh Documents of Our Suppliers-1 (Turkish)<\/span>\n\t\t                           \n\t                        <\/span>\n\t                    <\/span>\n\t                <\/a>\n\t                \t\t                \t<img decoding=\"async\" src=\"https:\/\/www.ledtime.com.tr\/wp-content\/uploads\/2018\/09\/ROHS6-Depopa_600x600.png\" alt=\"Tedarik\u00e7ilerimizin Rosh Belgeleri-1 (T\u00fcrk\u00e7e)\"> \n\t\t            \t            <\/div>\n\t        <\/div>\n\t        <!-- close gallery item -->  \n             \n\t        <!-- gallery item -->\n\t        <div class=\"col-md-4 item\">\n\t            <div class=\"picframe\">            \t\n\t                <a class=\"gallery-images-popup-69e4b510272d7\" title=\"Rosh Documents of Our Suppliers-2 (English)\" href=\"https:\/\/www.ledtime.com.tr\/wp-content\/uploads\/2018\/09\/ROHS7-Depopa_600x600.png\">\n\t                    <span class=\"overlay\">\n\t                        <span class=\"pf_text\">\n\t\t                         \n\t\t                        \t<span class=\"project-name\">Rosh Documents of Our Suppliers-2 (English)<\/span>\n\t\t                           \n\t                        <\/span>\n\t                    <\/span>\n\t                <\/a>\n\t                \t\t                \t<img decoding=\"async\" src=\"https:\/\/www.ledtime.com.tr\/wp-content\/uploads\/2018\/09\/ROHS7-Depopa_600x600.png\" alt=\"Tedarik\u00e7ilerimizin Rosh Belgeleri-2 (\u0130ngilizce)\"> \n\t\t            \t            <\/div>\n\t        <\/div>\n\t        <!-- close gallery item -->  \n             \n\t        <!-- gallery item -->\n\t        <div class=\"col-md-4 item\">\n\t            <div class=\"picframe\">            \t\n\t                <a class=\"gallery-images-popup-69e4b510272d7\" title=\"TSE Certificate\" href=\"https:\/\/www.ledtime.com.tr\/wp-content\/uploads\/2018\/09\/tse-depopa_600x600.png\">\n\t                    <span class=\"overlay\">\n\t                        <span class=\"pf_text\">\n\t\t                         \n\t\t                        \t<span class=\"project-name\">TSE Certificate<\/span>\n\t\t                           \n\t                        <\/span>\n\t                    <\/span>\n\t                <\/a>\n\t                \t\t                \t<img decoding=\"async\" src=\"https:\/\/www.ledtime.com.tr\/wp-content\/uploads\/2018\/09\/tse-depopa_600x600.png\" alt=\"TSE Belgemiz\"> \n\t\t            \t            <\/div>\n\t        <\/div>\n\t        <!-- close gallery item -->  \n           \n    <\/div>\n\n    <script type=\"text\/javascript\">\n\t    jQuery(document).ready(function() {  \n\t   \t\t'use strict';\n\t   \t\tjQuery('.gallery-images-popup-69e4b510272d7').magnificPopup({\n\t\t\t\ttype: 'image',\n\t\t\t\tcloseOnContentClick: false,\n\t\t\t\tcloseBtnInside: false,\n\t\t\t\tmainClass: 'mfp-with-zoom mfp-img-mobile',\n\t\t\t\timage: {\n\t\t\t\t\tverticalFit: true,\n\t\t\t\t\ttitleSrc: function(item) {\n\t\t\t\t\t\treturn item.el.attr('title');\n\t\t\t\t\t\t\/\/return item.el.attr('title') + ' &middot; <a class=\"image-source-link\" href=\"'+item.el.attr('data-source')+'\" target=\"_blank\">image source<\/a>';\n\t\t\t\t\t}\n\t\t\t\t},\n\t\t\t\tgallery: {\n\t\t\t\t\tenabled: true\n\t\t\t\t}\t\t\n\t\t\t}); \n\t\t });\n    <\/script>\n<\/div><\/div><\/div><\/div><\/div><\/section>","protected":false},"excerpt":{"rendered":"Tedarik\u00e7ilerimizin CE Belgeleri-1 (T\u00fcrk\u00e7e) Tedarik\u00e7ilerimizin CE Belgeleri-1 (\u0130ngilizce) Tedarik\u00e7ilerimizin CE Belgeleri-2 (\u0130ngilizce) Tedarik\u00e7ilerimizin CE Belgeleri-2 (T\u00fcrk\u00e7e) Tedarik\u00e7ilerimizin CE Belgeleri-3 (T\u00fcrk\u00e7e) Tedarik\u00e7ilerimizin CE Belgeleri-3 (\u0130ngilizce) ISO Belgemiz OHSAS Belgemiz Tedarik\u00e7ilerimizin Rosh Belgeleri-2 (T\u00fcrk\u00e7e) Tedarik\u00e7ilerimizin Rosh Belgeleri-1 (\u0130ngilizce) Tedarik\u00e7ilerimizin Rosh Belgeleri-1 (T\u00fcrk\u00e7e) Tedarik\u00e7ilerimizin Rosh Belgeleri-2 (\u0130ngilizce) TSE Belgemiz jQuery(document).ready(function() { 'use strict'; jQuery('.gallery-images-popup-69e4b5102d951').magnificPopup({ type: 'image', closeOnContentClick: false, [...]","protected":false},"author":1,"featured_media":0,"parent":0,"menu_order":0,"comment_status":"closed","ping_status":"closed","template":"page-templates\/template-fullwidth.php","meta":{"footnotes":""},"class_list":["post-1659","page","type-page","status-publish","hentry"],"_links":{"self":[{"href":"https:\/\/www.ledtime.com.tr\/en\/wp-json\/wp\/v2\/pages\/1659","targetHints":{"allow":["GET"]}}],"collection":[{"href":"https:\/\/www.ledtime.com.tr\/en\/wp-json\/wp\/v2\/pages"}],"about":[{"href":"https:\/\/www.ledtime.com.tr\/en\/wp-json\/wp\/v2\/types\/page"}],"author":[{"embeddable":true,"href":"https:\/\/www.ledtime.com.tr\/en\/wp-json\/wp\/v2\/users\/1"}],"replies":[{"embeddable":true,"href":"https:\/\/www.ledtime.com.tr\/en\/wp-json\/wp\/v2\/comments?post=1659"}],"version-history":[{"count":1,"href":"https:\/\/www.ledtime.com.tr\/en\/wp-json\/wp\/v2\/pages\/1659\/revisions"}],"predecessor-version":[{"id":1660,"href":"https:\/\/www.ledtime.com.tr\/en\/wp-json\/wp\/v2\/pages\/1659\/revisions\/1660"}],"wp:attachment":[{"href":"https:\/\/www.ledtime.com.tr\/en\/wp-json\/wp\/v2\/media?parent=1659"}],"curies":[{"name":"wp","href":"https:\/\/api.w.org\/{rel}","templated":true}]}}